{"id":2,"date":"2021-09-12T18:15:46","date_gmt":"2021-09-12T21:15:46","guid":{"rendered":"https:\/\/premarjunaterapias.com.br\/?page_id=2"},"modified":"2021-12-15T10:47:28","modified_gmt":"2021-12-15T13:47:28","slug":"pagina-exemplo","status":"publish","type":"page","link":"https:\/\/premarjunaterapias.com.br\/index.php\/pagina-exemplo\/","title":{"rendered":"Alguns conceitos"},"content":{"rendered":"\n<p>Radiestesia<\/p>\n\n\n\n<p>\u00c9 a arte de detectar as energias ou trazer a ess\u00eancia Divina atrav\u00e9s da intui\u00e7\u00e3o para o mundo f\u00edsico por meio  de alguns instrumentos que pode ser o pendulo, dual road e aura miter.<\/p>\n\n\n\n<p>\u00c9<span style=\"font-size: revert;\"> a ci\u00eancia que usa mesas e gr\u00e1ficos para se definir como est\u00e3o as energias.<\/span> <\/p>\n\n\n\n<blockquote class=\"wp-block-quote is-layout-flow wp-block-quote-is-layout-flow\"><p><\/p><\/blockquote>\n\n\n\n<p>A arte de ter um terapeuta para te conectar novamente com a sua ess\u00eancia<\/p>\n\n\n\n<p>.<\/p>\n\n\n\n<p>Massagem relaxante <\/p>\n\n\n\n<p>Por meio de deslizamentos e e press\u00f5es temos o relaxamento do corpo eliminando tens\u00f5es stress.<\/p>\n\n\n\n<p><\/p>\n\n\n\n<p>Cromoterapia <\/p>\n\n\n\n<p><\/p>\n\n\n\n<p>Terapia que se utiliza das cores para trazer o equil\u00edbrio energ\u00e9tico das pessoas e ambientes. <\/p>\n\n\n\n<p><\/p>\n\n\n\n<p>Japamala <\/p>\n\n\n\n<p>Popularmente dizemos ser um ter\u00e7o de origem indiana usado para se fazer medita\u00e7\u00f5es.<\/p>\n\n\n\n<p><\/p>\n\n\n\n<p>Pendulo<\/p>\n\n\n\n<p>Instrumento usado na radiestesia para detec\u00e7\u00e3o de energia.<\/p>\n\n\n\n<p><\/p>\n\n\n\n<p>Dual road<\/p>\n\n\n\n<p>Instrumento radiest\u00e9sico usado para detectar energia nas pessoas ambientes e achar agua por exemplo.<\/p>\n","protected":false},"excerpt":{"rendered":"<p>Radiestesia \u00c9 a arte de detectar as energias ou trazer a ess\u00eancia Divina atrav\u00e9s da intui\u00e7\u00e3o para o mundo f\u00edsico por meio de alguns instrumentos que pode ser o pendulo, dual road e aura miter. \u00c9 a ci\u00eancia que usa mesas e gr\u00e1ficos para se definir como est\u00e3o as energias. A arte de ter um [&hellip;]<\/p>\n","protected":false},"author":1,"featured_media":0,"parent":0,"menu_order":0,"comment_status":"closed","ping_status":"open","template":"","meta":{"footnotes":""},"class_list":["post-2","page","type-page","status-publish","hentry"],"_links":{"self":[{"href":"https:\/\/premarjunaterapias.com.br\/index.php\/wp-json\/wp\/v2\/pages\/2","targetHints":{"allow":["GET"]}}],"collection":[{"href":"https:\/\/premarjunaterapias.com.br\/index.php\/wp-json\/wp\/v2\/pages"}],"about":[{"href":"https:\/\/premarjunaterapias.com.br\/index.php\/wp-json\/wp\/v2\/types\/page"}],"author":[{"embeddable":true,"href":"https:\/\/premarjunaterapias.com.br\/index.php\/wp-json\/wp\/v2\/users\/1"}],"replies":[{"embeddable":true,"href":"https:\/\/premarjunaterapias.com.br\/index.php\/wp-json\/wp\/v2\/comments?post=2"}],"version-history":[{"count":4,"href":"https:\/\/premarjunaterapias.com.br\/index.php\/wp-json\/wp\/v2\/pages\/2\/revisions"}],"predecessor-version":[{"id":674,"href":"https:\/\/premarjunaterapias.com.br\/index.php\/wp-json\/wp\/v2\/pages\/2\/revisions\/674"}],"wp:attachment":[{"href":"https:\/\/premarjunaterapias.com.br\/index.php\/wp-json\/wp\/v2\/media?parent=2"}],"curies":[{"name":"wp","href":"https:\/\/api.w.org\/{rel}","templated":true}]}}