{"id":675,"date":"2021-12-15T10:49:45","date_gmt":"2021-12-15T13:49:45","guid":{"rendered":"https:\/\/premarjunaterapias.com.br\/?page_id=675"},"modified":"2021-12-15T10:49:45","modified_gmt":"2021-12-15T13:49:45","slug":"kundalini","status":"publish","type":"page","link":"https:\/\/premarjunaterapias.com.br\/index.php\/kundalini\/","title":{"rendered":"Kundalini"},"content":{"rendered":"\n<p>Kundalini \u2014 O que \u00e9 e como despertar sua energia<br>Conforme acumulamos mais conhecimentos sobre a nossa espiritualidade, compreendemos que todos os corpos apresentam centros de energia. De acordo com o hindu\u00edsmo, por exemplo, esses centros de energia s\u00e3o chamados de chakras, mas h\u00e1 outras maneiras de interpret\u00e1-los.<br>O fato \u00e9 que todos os corpos carregam energia e, quanto mais equilibrada ela estiver, melhor uma pessoa se sentir\u00e1. Do contr\u00e1rio, ela pode vibrar energias negativas em excesso, o que acarreta problemas na sa\u00fade f\u00edsica e na sa\u00fade emocional. Sendo assim, \u00e9 muito importante atentar-se para essa parte de quem somos.<br>Al\u00e9m disso, tamb\u00e9m devemos considerar que existem outros planos espirituais que n\u00e3o conseguimos enxergar. Se direcionarmos as nossas energias da maneira correta, poderemos acess\u00e1-los e, com isso, experienciar um despertar da pr\u00f3pria consci\u00eancia.<br>Um dos meios de alcan\u00e7ar esse plano espiritual mais profundo e revelador \u00e9 a partir da Kundalini. A seguir, voc\u00ea vai entender como esse conceito se relaciona com a energia presente nos nossos corpos e com a capacidade de acessar um conhecimento superior.<br>O que \u00e9 Kundalini?<br>Kundalini \u00e9 uma energia que todas as pessoas guardam na base da coluna, regi\u00e3o conhecida como c\u00f3ccix. No entanto, essa energia permanece adormecida em nossos corpos, at\u00e9 que uma alma de n\u00edvel superior a desperte. Por esse motivo, a palavra \u201cKundalini\u201d significa, em s\u00e2nscrito, \u201cenrolada como uma cobra\u201d.<br>Uma vez que a Kundalini for ativada, ela ter\u00e1 o poder de atravessar os seis chakras que est\u00e3o acima do centro de energia onde ela reside (o sacro). Isso significa que ela percorrer\u00e1 os chakras Svadhisthana, Manipura, Anahata, Vishuddha, Ajna e Sahasrara.<br>Nessa trajet\u00f3ria, a energia Kundalini equilibra os centros energ\u00e9ticos de um corpo, al\u00e9m de se conectar com o poder primordial divino, chamado de Param Chaitanya. Dessa forma, ser\u00e1 poss\u00edvel descobrir a exist\u00eancia de Deus no pr\u00f3prio inconsciente, obtendo disciplina e maturidade al\u00e9m da ilumina\u00e7\u00e3o espiritual.<br>Como despertar a Kundalini?<br>Depois de conhecer os benef\u00edcios de despertar a Kundalini, como o equil\u00edbrio dos chakras e a ilumina\u00e7\u00e3o espiritual, \u00e9 compreens\u00edvel que uma pessoa queira realizar essa t\u00e9cnica sozinha. Mas ser\u00e1 que isso \u00e9 poss\u00edvel?<br>Como foi dito anteriormente, somente uma alma evolu\u00edda \u00e9 capaz de despertar a Kundalini. Ent\u00e3o o primeiro ponto necess\u00e1rio para que isso ocorra \u00e9 desenvolver a pr\u00f3pria alma, conectando-se com a pr\u00f3pria ess\u00eancia e se abrindo para a espiritualidade.<br>Para que isso ocorra da melhor forma poss\u00edvel, e para que a energia Kundalini seja ativada, basta realizar a pr\u00e1tica chamada de Kundalini Yoga. Tamb\u00e9m conhecida como Yoga de Consci\u00eancia, ela \u00e9 considerada uma ci\u00eancia milenar para a expans\u00e3o da consci\u00eancia, o que estimula a subida da energia Kundalini para os chakras que est\u00e3o acima dela. Isso tambem pode ser feito pel\u00e7o processo da terapia tantrica.<br>Ou seja, se voc\u00ea quer ativar essa energia poderosa e diferente que j\u00e1 est\u00e1 dentro de voc\u00ea, procure um profissional que ofere\u00e7a a Kundalini Yoga ou um terapeuta tantrico e desperte a sua capacidade de se conectar com o universo, favorecendo a evolu\u00e7\u00e3o da sua alma!<br>Os benef\u00edcios da Energia da Kundalini<br>Caso voc\u00ea ainda esteja em d\u00favida se deve mesmo se dedicar a despertar a sua energia Kundalini, conhe\u00e7a alguns dos benef\u00edcios que ela oferece para a sua mente e para o seu corpo!<br>1) Restaura\u00e7\u00e3o da harmonia do corpo<br>Ao ativar a energia Kundalini, \u00e9 poss\u00edvel promover a harmonia entre os sistemas nervoso e glandular. Dessa forma, os chakras ser\u00e3o alinhados com mais facilidade, trazendo uma sensa\u00e7\u00e3o de bem-estar<br>2) Fortalecimento da musculatura<br>O fortalecimento da musculatura \u00e9 outro benef\u00edcio proporcionado pela libera\u00e7\u00e3o da Kundalini. Isso porque, al\u00e9m dos exerc\u00edcios sugeridos pela pr\u00e1tica, \u00e9 recomendada uma transforma\u00e7\u00e3o dos h\u00e1bitos alimentares, favorecendo a sa\u00fade f\u00edsica.<br>3) Aumento da vitalidade f\u00edsica e ps\u00edquica<br>O aumento da vitalidade f\u00edsica e ps\u00edquica \u00e9 uma consequ\u00eancia do fluxo de energia Kundalini pelo corpo. Com ela, uma pessoa tem mais consci\u00eancia sobre o pr\u00f3prio corpo e sobre a pr\u00f3pria mente, tendo a capacidade de se conectar com a pr\u00f3pria ess\u00eancia.<br>4) Relaxamento do corpo e da mente<br>O relaxamento do corpo e da mente \u00e9 poss\u00edvel por meio da energia Kundalini porque ela nos leva a um estado de medita\u00e7\u00e3o profundo. Assim conseguimos nos desligar das preocupa\u00e7\u00f5es e dos problemas, dando espa\u00e7o somente para a ilumina\u00e7\u00e3o.<br>5) Sensa\u00e7\u00e3o de \u00eaxtase<br>A sensa\u00e7\u00e3o de \u00eaxtase proveniente do despertar da energia Kundalini \u00e9 um dos melhores benef\u00edcios desse processo. O indiv\u00edduo que o realiza entra em um estado de expans\u00e3o da pr\u00f3pria consci\u00eancia e consegue perceber a sutileza de cada parte do universo.<br>A partir de tudo o que foi apresentado sobre a Kundalini, compreendemos que essa forma de energia que existe em todos n\u00f3s, quando ativada, pode nos transformar. Aproveite o seu dia para buscar um local que realize a Kundalini Yoga ou um terapeuta tantrico e se sinta melhor com os benef\u00edcios incr\u00edveis dessa pr\u00e1tica!<br>Se quiser conhecer um pouco mais tambem podera acessar meu site;<br>www.premarjunaterapias.com.br<br>Terapeuta afiuliado a abratantra associa\u00e7\u00e3o brasileira de terapeutas tantricas e tantricos.<\/p>\n\n\n\n<div class=\"wp-block-columns is-layout-flex wp-container-core-columns-is-layout-28f84493 wp-block-columns-is-layout-flex\">\n<div class=\"wp-block-column is-layout-flow wp-block-column-is-layout-flow\" style=\"flex-basis:100%\">\n<figure class=\"wp-block-image size-large\"><img loading=\"lazy\" decoding=\"async\" width=\"1024\" height=\"723\" src=\"https:\/\/premarjunaterapias.com.br\/wp-content\/uploads\/2021\/12\/image-1024x723.png\" alt=\"\" class=\"wp-image-676\" srcset=\"https:\/\/premarjunaterapias.com.br\/wp-content\/uploads\/2021\/12\/image-1024x723.png 1024w, https:\/\/premarjunaterapias.com.br\/wp-content\/uploads\/2021\/12\/image-300x212.png 300w, https:\/\/premarjunaterapias.com.br\/wp-content\/uploads\/2021\/12\/image-768x543.png 768w, https:\/\/premarjunaterapias.com.br\/wp-content\/uploads\/2021\/12\/image-416x294.png 416w, https:\/\/premarjunaterapias.com.br\/wp-content\/uploads\/2021\/12\/image.png 1121w\" sizes=\"auto, (max-width: 1024px) 100vw, 1024px\" \/><\/figure>\n<\/div>\n<\/div>\n","protected":false},"excerpt":{"rendered":"<p>Kundalini \u2014 O que \u00e9 e como despertar sua energiaConforme acumulamos mais conhecimentos sobre a nossa espiritualidade, compreendemos que todos os corpos apresentam centros de energia. De acordo com o hindu\u00edsmo, por exemplo, esses centros de energia s\u00e3o chamados de chakras, mas h\u00e1 outras maneiras de interpret\u00e1-los.O fato \u00e9 que todos os corpos carregam energia [&hellip;]<\/p>\n","protected":false},"author":1,"featured_media":0,"parent":0,"menu_order":0,"comment_status":"closed","ping_status":"closed","template":"","meta":{"footnotes":""},"class_list":["post-675","page","type-page","status-publish","hentry"],"_links":{"self":[{"href":"https:\/\/premarjunaterapias.com.br\/index.php\/wp-json\/wp\/v2\/pages\/675","targetHints":{"allow":["GET"]}}],"collection":[{"href":"https:\/\/premarjunaterapias.com.br\/index.php\/wp-json\/wp\/v2\/pages"}],"about":[{"href":"https:\/\/premarjunaterapias.com.br\/index.php\/wp-json\/wp\/v2\/types\/page"}],"author":[{"embeddable":true,"href":"https:\/\/premarjunaterapias.com.br\/index.php\/wp-json\/wp\/v2\/users\/1"}],"replies":[{"embeddable":true,"href":"https:\/\/premarjunaterapias.com.br\/index.php\/wp-json\/wp\/v2\/comments?post=675"}],"version-history":[{"count":1,"href":"https:\/\/premarjunaterapias.com.br\/index.php\/wp-json\/wp\/v2\/pages\/675\/revisions"}],"predecessor-version":[{"id":677,"href":"https:\/\/premarjunaterapias.com.br\/index.php\/wp-json\/wp\/v2\/pages\/675\/revisions\/677"}],"wp:attachment":[{"href":"https:\/\/premarjunaterapias.com.br\/index.php\/wp-json\/wp\/v2\/media?parent=675"}],"curies":[{"name":"wp","href":"https:\/\/api.w.org\/{rel}","templated":true}]}}