{"id":107,"date":"2021-09-14T15:42:09","date_gmt":"2021-09-14T18:42:09","guid":{"rendered":"https:\/\/premarjunaterapias.com.br\/?post_type=product&#038;p=107"},"modified":"2023-04-30T11:14:30","modified_gmt":"2023-04-30T14:14:30","slug":"pendulo-athol","status":"publish","type":"product","link":"https:\/\/premarjunaterapias.com.br\/index.php\/produto\/pendulo-athol\/","title":{"rendered":"Pendulo Athol"},"content":{"rendered":"<p>Pendulo athol feito e diversas cores de madeira por ser pontiagudo muito indicado para leitura de gr\u00e1ficos com muitas varia\u00e7\u00f5es.<\/p>\n","protected":false},"excerpt":{"rendered":"<p>Pendulo athol feito e diversas cores de madeira por ser pontiagudo muito indicado para leitura de gr\u00e1ficos com muitas varia\u00e7\u00f5es.<\/p>\n","protected":false},"featured_media":123,"comment_status":"open","ping_status":"closed","template":"","meta":[],"product_brand":[],"product_cat":[56],"product_tag":[206],"class_list":{"0":"post-107","1":"product","2":"type-product","3":"status-publish","4":"has-post-thumbnail","6":"product_cat-pendulos-de-madeira","7":"product_tag-pendulo","9":"first","10":"instock","11":"shipping-taxable","12":"purchasable","13":"product-type-variable"},"_links":{"self":[{"href":"https:\/\/premarjunaterapias.com.br\/index.php\/wp-json\/wp\/v2\/product\/107","targetHints":{"allow":["GET"]}}],"collection":[{"href":"https:\/\/premarjunaterapias.com.br\/index.php\/wp-json\/wp\/v2\/product"}],"about":[{"href":"https:\/\/premarjunaterapias.com.br\/index.php\/wp-json\/wp\/v2\/types\/product"}],"replies":[{"embeddable":true,"href":"https:\/\/premarjunaterapias.com.br\/index.php\/wp-json\/wp\/v2\/comments?post=107"}],"wp:featuredmedia":[{"embeddable":true,"href":"https:\/\/premarjunaterapias.com.br\/index.php\/wp-json\/wp\/v2\/media\/123"}],"wp:attachment":[{"href":"https:\/\/premarjunaterapias.com.br\/index.php\/wp-json\/wp\/v2\/media?parent=107"}],"wp:term":[{"taxonomy":"product_brand","embeddable":true,"href":"https:\/\/premarjunaterapias.com.br\/index.php\/wp-json\/wp\/v2\/product_brand?post=107"},{"taxonomy":"product_cat","embeddable":true,"href":"https:\/\/premarjunaterapias.com.br\/index.php\/wp-json\/wp\/v2\/product_cat?post=107"},{"taxonomy":"product_tag","embeddable":true,"href":"https:\/\/premarjunaterapias.com.br\/index.php\/wp-json\/wp\/v2\/product_tag?post=107"}],"curies":[{"name":"wp","href":"https:\/\/api.w.org\/{rel}","templated":true}]}}