{"id":127,"date":"2021-09-14T16:20:14","date_gmt":"2021-09-14T19:20:14","guid":{"rendered":"https:\/\/premarjunaterapias.com.br\/?post_type=product&#038;p=127"},"modified":"2021-09-28T14:55:09","modified_gmt":"2021-09-28T17:55:09","slug":"japamala-todo-preto","status":"publish","type":"product","link":"https:\/\/premarjunaterapias.com.br\/index.php\/produto\/japamala-todo-preto\/","title":{"rendered":"Japamala todo preto"},"content":{"rendered":"<p>Japamala ou ter\u00e7o indiano usado para se fazer <em><strong>medita\u00e7\u00f5es<\/strong><\/em> ou <span style=\"color: #000000;\">\u00a0<a id=\"fprsl\" class=\"gL9Hy\" style=\"color: #000000;\" href=\"https:\/\/www.google.com\/search?rlz=1C1AVFC_enBR778BR778&amp;sxsrf=AOaemvIHYA3_IDKtLjbQUyI9qSxmuep-1w:1631646897703&amp;q=ho%27oponopono&amp;spell=1&amp;sa=X&amp;ved=2ahUKEwiot_Gtlv_yAhW8lZUCHZV8CiUQkeECKAB6BAgBEDY\" data-ved=\"2ahUKEwiot_Gtlv_yAhW8lZUCHZV8CiUQkeECKAB6BAgBEDY\"><b><i>ho&#8217;oponopono.<\/i><\/b><\/a><\/span><\/p>\n","protected":false},"excerpt":{"rendered":"<p>Japamala tamanho g medindo 72 cent\u00edmetros.<\/p>\n","protected":false},"featured_media":129,"comment_status":"open","ping_status":"closed","template":"","meta":[],"product_brand":[],"product_cat":[31],"product_tag":[93],"class_list":{"0":"post-127","1":"product","2":"type-product","3":"status-publish","4":"has-post-thumbnail","6":"product_cat-japamala","7":"product_tag-https-premarjunaterapias-com-br-index-php-produto-japamala-em-madeira-","9":"first","10":"instock","11":"shipping-taxable","12":"purchasable","13":"product-type-simple"},"_links":{"self":[{"href":"https:\/\/premarjunaterapias.com.br\/index.php\/wp-json\/wp\/v2\/product\/127","targetHints":{"allow":["GET"]}}],"collection":[{"href":"https:\/\/premarjunaterapias.com.br\/index.php\/wp-json\/wp\/v2\/product"}],"about":[{"href":"https:\/\/premarjunaterapias.com.br\/index.php\/wp-json\/wp\/v2\/types\/product"}],"replies":[{"embeddable":true,"href":"https:\/\/premarjunaterapias.com.br\/index.php\/wp-json\/wp\/v2\/comments?post=127"}],"wp:featuredmedia":[{"embeddable":true,"href":"https:\/\/premarjunaterapias.com.br\/index.php\/wp-json\/wp\/v2\/media\/129"}],"wp:attachment":[{"href":"https:\/\/premarjunaterapias.com.br\/index.php\/wp-json\/wp\/v2\/media?parent=127"}],"wp:term":[{"taxonomy":"product_brand","embeddable":true,"href":"https:\/\/premarjunaterapias.com.br\/index.php\/wp-json\/wp\/v2\/product_brand?post=127"},{"taxonomy":"product_cat","embeddable":true,"href":"https:\/\/premarjunaterapias.com.br\/index.php\/wp-json\/wp\/v2\/product_cat?post=127"},{"taxonomy":"product_tag","embeddable":true,"href":"https:\/\/premarjunaterapias.com.br\/index.php\/wp-json\/wp\/v2\/product_tag?post=127"}],"curies":[{"name":"wp","href":"https:\/\/api.w.org\/{rel}","templated":true}]}}