{"id":301,"date":"2021-09-15T14:41:49","date_gmt":"2021-09-15T17:41:49","guid":{"rendered":"https:\/\/premarjunaterapias.com.br\/?post_type=product&#038;p=301"},"modified":"2025-01-25T16:10:32","modified_gmt":"2025-01-25T19:10:32","slug":"pedra-cintamani","status":"publish","type":"product","link":"https:\/\/premarjunaterapias.com.br\/index.php\/produto\/pedra-cintamani\/","title":{"rendered":"Pedra Cintamani"},"content":{"rendered":"<p>PEDRA CINTAMANI \u2013 a pedra que realiza os desejos<\/p>\n<div dir=\"auto\"><\/div>\n<div dir=\"auto\">\u00c9 uma lenda que faz parte da cultura do Nepal, Tibet e regi\u00f5es pr\u00f3ximas da Cordilheira do Himalaia. A lenda diz que \u00e9 uma pedra milenar que foi guardada dentro das montanhas do Himalaia. Alguns dizem que ela chegou a Europa no fim da primeira guerra mundial. \u00c9 dito tamb\u00e9m que alguns dos maiores l\u00edderes da hist\u00f3ria tiveram fragmentos da pedra.<\/div>\n<div dir=\"auto\"><\/div>\n<div dir=\"auto\">Quem a adquire passa a ser o guardi\u00e3o de um fragmento do universo, da pedra filosofal, antiga conhecida dos hindu\u00edstas e budistas \u2013 a pedra da conex\u00e3o com os deuses. Outros fragmentos estiveram sob a guarda de Buda, de Rei Salom\u00e3o, de Alexandre \u201co grande\u201d, dos Templ\u00e1rios.<\/div>\n<div dir=\"auto\"><\/div>\n<div dir=\"auto\">Voc\u00ea passa a integrar uma linda mandala de luz que est\u00e1 sendo formada na superf\u00edcie e no interior do Planeta Terra. Uma grade energ\u00e9tica iluminada, que ser\u00e1 de extrema import\u00e2ncia no momento do Evento, pois as Cintamanis funcionam como canais de energia de compress\u00e3o e ruptura para a matriz energ\u00e9tica do planeta: s\u00e3o supercondutores! As Cintamanis s\u00e3o uma das chaves para a liberta\u00e7\u00e3o planet\u00e1ria \u2013 e uma delas est\u00e1, a partir de hoje, sob a sua guarda.<\/div>\n<div dir=\"auto\"><\/div>\n<div dir=\"auto\">Mas, at\u00e9 l\u00e1, o maior trabalho desse pedacinho de luz ser\u00e1 com voc\u00ea, conectando-se com o seu cora\u00e7\u00e3o espiritual e manifestando \u2013 a todo o momento \u2013 a pureza da sua alma, pois ela \u00e9 o reflexo da sua joia interior.<\/div>\n<div dir=\"auto\"><\/div>\n<div dir=\"auto\">Ela funciona como um forte amplificador, que acelera os processos individuais de cura, que auxilia o contato com o Eu Superior (refor\u00e7a a orienta\u00e7\u00e3o interior) e que transmuta o campo de plasma ao seu redor (funciona como um \u00edm\u00e3 que direciona as energias que dissolvem o campo plasm\u00e1tico).<\/div>\n<div dir=\"auto\"><\/div>\n<div dir=\"auto\">A Pedra Cintamani pode ser usada pelos Trabalhadores da Luz de diversas formas:<\/div>\n<div dir=\"auto\"><\/div>\n<div dir=\"auto\">. pode ser considerada como uma Antena Sideral, capaz de captar as energias e informa\u00e7\u00f5es mais sutis vindas do Cosmos e expandir por toda a sua volta.<\/div>\n<div dir=\"auto\"><\/div>\n<div dir=\"auto\">. conhecida no Tibet como &#8221; Pedra dos Desejos &#8221;, a Cintamani tem o poder de materializar todos os nossos desejos mais sinceros, aqueles vindos da Alma \/ Eu Superior.<\/div>\n<div dir=\"auto\"><\/div>\n<div dir=\"auto\">. o m\u00e9todo mais indicado de utiliza\u00e7\u00e3o da Cintamani \u00e9 atrav\u00e9s da Medita\u00e7\u00e3o, pois na Medita\u00e7\u00e3o o indiv\u00edduo consegue acessar Estados mais Profundos de Consci\u00eancia e ter mais clareza quais s\u00e3o suas inten\u00e7\u00f5es e Miss\u00e3o de Alma.<\/div>\n<div dir=\"auto\"><\/div>\n<div dir=\"auto\">. por possuir a maior Frequ\u00eancia Vibrat\u00f3ria entre todos os Cristais, ela gera um campo de energia extremamente forte ao seu redor, inibindo e dissolvendo qualquer tipo de energia de baixa frequ\u00eancia que possa afetar a sua estabilidade.<\/div>\n<div dir=\"auto\"><\/div>\n<div dir=\"auto\">. uma das utilidades mais importantes da Cintamani \u00e9 que ela pode ser enterrada, e ser inserida na Grade Cintamani Global. Toda vez que uma Pedra Cintamani \u00e9 enterrada seu campo de atua\u00e7\u00e3o pode alcan\u00e7ar at\u00e9 5 km, sendo capaz de Rasgar o V\u00e9u e assim trazer mais Luz para a superf\u00edcie do Planeta.<\/div>\n","protected":false},"excerpt":{"rendered":"<p>Preda cintamani rara de ser encontrada e conseguimos em pequenos fraguimentos.<\/p>\n","protected":false},"featured_media":304,"comment_status":"open","ping_status":"closed","template":"","meta":[],"product_brand":[],"product_cat":[59],"product_tag":[87],"class_list":{"0":"post-301","1":"product","2":"type-product","3":"status-publish","4":"has-post-thumbnail","6":"product_cat-pedra-cintamani","7":"product_tag-https-premarjunaterapias-com-br-index-php-produto-pedra-cintamani","9":"first","10":"instock","11":"featured","12":"shipping-taxable","13":"purchasable","14":"product-type-variable"},"_links":{"self":[{"href":"https:\/\/premarjunaterapias.com.br\/index.php\/wp-json\/wp\/v2\/product\/301","targetHints":{"allow":["GET"]}}],"collection":[{"href":"https:\/\/premarjunaterapias.com.br\/index.php\/wp-json\/wp\/v2\/product"}],"about":[{"href":"https:\/\/premarjunaterapias.com.br\/index.php\/wp-json\/wp\/v2\/types\/product"}],"replies":[{"embeddable":true,"href":"https:\/\/premarjunaterapias.com.br\/index.php\/wp-json\/wp\/v2\/comments?post=301"}],"wp:featuredmedia":[{"embeddable":true,"href":"https:\/\/premarjunaterapias.com.br\/index.php\/wp-json\/wp\/v2\/media\/304"}],"wp:attachment":[{"href":"https:\/\/premarjunaterapias.com.br\/index.php\/wp-json\/wp\/v2\/media?parent=301"}],"wp:term":[{"taxonomy":"product_brand","embeddable":true,"href":"https:\/\/premarjunaterapias.com.br\/index.php\/wp-json\/wp\/v2\/product_brand?post=301"},{"taxonomy":"product_cat","embeddable":true,"href":"https:\/\/premarjunaterapias.com.br\/index.php\/wp-json\/wp\/v2\/product_cat?post=301"},{"taxonomy":"product_tag","embeddable":true,"href":"https:\/\/premarjunaterapias.com.br\/index.php\/wp-json\/wp\/v2\/product_tag?post=301"}],"curies":[{"name":"wp","href":"https:\/\/api.w.org\/{rel}","templated":true}]}}