{"id":319,"date":"2021-09-15T16:35:49","date_gmt":"2021-09-15T19:35:49","guid":{"rendered":"https:\/\/premarjunaterapias.com.br\/?post_type=product&#038;p=319"},"modified":"2024-11-16T14:50:47","modified_gmt":"2024-11-16T17:50:47","slug":"cristal-andara-verde-leitoso","status":"publish","type":"product","link":"https:\/\/premarjunaterapias.com.br\/index.php\/produto\/cristal-andara-verde-leitoso\/","title":{"rendered":"Andara verde leitoso"},"content":{"rendered":"<p>O Cristal Andara \u00e9 conhecida como &#8221; a pedra da verdade &#8221; por sua capacidade de mostrar o que est\u00e1 oculto dentro dela. Al\u00e9m desta propriedade, uma andara \u00e9 uma grande ajuda para: Prote\u00e7\u00e3o de energia , a pedra forma um escudo de energia e absorve energias negativas.<\/p>\n<p>Clareamento de ideias, ajuda em per\u00edodos de instabilidade mental e emocional, esse cristal vulc\u00e2nico vai te ajudar a se conectar com seus sentimentos e seu prop\u00f3sito.<\/p>\n<p>Encontre seus talentos ocultos com a andara, depois de tirar as energias negativas que te rodeiam ela te ajuda a aceitar e usar melhor seus talentos que podiam estar ocultos.<\/p>\n<p>A pedra tamb\u00e9m \u00e9 utilizada em diferentes usos terap\u00eauticos, aplicada nos diferentes chakras ou na forma de um elixir de cura.<\/p>\n<p>&nbsp;<\/p>\n<p>&nbsp;<\/p>\n<p>&nbsp;<\/p>\n","protected":false},"excerpt":{"rendered":"<p>Cristal andara verde<\/p>\n","protected":false},"featured_media":325,"comment_status":"open","ping_status":"closed","template":"","meta":[],"product_brand":[],"product_cat":[219],"product_tag":[141,86],"class_list":{"0":"post-319","1":"product","2":"type-product","3":"status-publish","4":"has-post-thumbnail","6":"product_cat-andara","7":"product_tag-https-premarjunaterapias-com-br-index-php-produto-cristal-andara-verde-","8":"product_tag-https-premarjunaterapias-com-br-index-php-produto-cristal-andara-azul","10":"first","11":"instock","12":"shipping-taxable","13":"purchasable","14":"product-type-simple"},"_links":{"self":[{"href":"https:\/\/premarjunaterapias.com.br\/index.php\/wp-json\/wp\/v2\/product\/319","targetHints":{"allow":["GET"]}}],"collection":[{"href":"https:\/\/premarjunaterapias.com.br\/index.php\/wp-json\/wp\/v2\/product"}],"about":[{"href":"https:\/\/premarjunaterapias.com.br\/index.php\/wp-json\/wp\/v2\/types\/product"}],"replies":[{"embeddable":true,"href":"https:\/\/premarjunaterapias.com.br\/index.php\/wp-json\/wp\/v2\/comments?post=319"}],"wp:featuredmedia":[{"embeddable":true,"href":"https:\/\/premarjunaterapias.com.br\/index.php\/wp-json\/wp\/v2\/media\/325"}],"wp:attachment":[{"href":"https:\/\/premarjunaterapias.com.br\/index.php\/wp-json\/wp\/v2\/media?parent=319"}],"wp:term":[{"taxonomy":"product_brand","embeddable":true,"href":"https:\/\/premarjunaterapias.com.br\/index.php\/wp-json\/wp\/v2\/product_brand?post=319"},{"taxonomy":"product_cat","embeddable":true,"href":"https:\/\/premarjunaterapias.com.br\/index.php\/wp-json\/wp\/v2\/product_cat?post=319"},{"taxonomy":"product_tag","embeddable":true,"href":"https:\/\/premarjunaterapias.com.br\/index.php\/wp-json\/wp\/v2\/product_tag?post=319"}],"curies":[{"name":"wp","href":"https:\/\/api.w.org\/{rel}","templated":true}]}}