{"id":422,"date":"2021-09-16T16:31:55","date_gmt":"2021-09-16T19:31:55","guid":{"rendered":"https:\/\/premarjunaterapias.com.br\/?post_type=product&#038;p=422"},"modified":"2022-02-09T10:49:56","modified_gmt":"2022-02-09T13:49:56","slug":"terapia-do-cone-hindu","status":"publish","type":"product","link":"https:\/\/premarjunaterapias.com.br\/index.php\/produto\/terapia-do-cone-hindu\/","title":{"rendered":"Terapia do cone hindu"},"content":{"rendered":"<p>A atua\u00e7\u00e3o do fogo do cone hindu reorganiza todos os nossos chacras, transformando e amenizando nossas emo\u00e7\u00f5es, nossas rea\u00e7\u00f5es, nossa criatividade, nossos pensamentos e nossas escolhas superiores.\u00a0Nossa energia \u00e9 beneficiada muito com a aplica\u00e7\u00e3o do cone hindu.<\/p>\n<p>Nos sentimos muito bem quando recebemos a aplica\u00e7\u00e3o, j\u00e1 que ela alcan\u00e7a nosso corpo energ\u00e9tico, corpo emocional, corpo mental e o corpo espiritual, estimulando o nosso processo intuitivo.<\/p>\n<p>Devemos aplicar o cone hindu para tratar estados de estresse, que apresentam excesso de pensamentos, pensamentos confusos e repetitivos, desordem mental e dificuldade para dormir.<\/p>\n","protected":false},"excerpt":{"rendered":"<p>Sess\u00e3o de terapia com cone Hindu<\/p>\n","protected":false},"featured_media":426,"comment_status":"open","ping_status":"closed","template":"","meta":[],"product_brand":[],"product_cat":[63,64],"product_tag":[73],"class_list":{"0":"post-422","1":"product","2":"type-product","3":"status-publish","4":"has-post-thumbnail","6":"product_cat-terapias-corporais","7":"product_cat-terapias-holisticas","8":"product_tag-https-premarjunaterapias-com-br-index-php-produto-sessao-de-terapia-tantrica-2","10":"first","11":"instock","12":"shipping-taxable","13":"purchasable","14":"product-type-variable"},"_links":{"self":[{"href":"https:\/\/premarjunaterapias.com.br\/index.php\/wp-json\/wp\/v2\/product\/422","targetHints":{"allow":["GET"]}}],"collection":[{"href":"https:\/\/premarjunaterapias.com.br\/index.php\/wp-json\/wp\/v2\/product"}],"about":[{"href":"https:\/\/premarjunaterapias.com.br\/index.php\/wp-json\/wp\/v2\/types\/product"}],"replies":[{"embeddable":true,"href":"https:\/\/premarjunaterapias.com.br\/index.php\/wp-json\/wp\/v2\/comments?post=422"}],"wp:featuredmedia":[{"embeddable":true,"href":"https:\/\/premarjunaterapias.com.br\/index.php\/wp-json\/wp\/v2\/media\/426"}],"wp:attachment":[{"href":"https:\/\/premarjunaterapias.com.br\/index.php\/wp-json\/wp\/v2\/media?parent=422"}],"wp:term":[{"taxonomy":"product_brand","embeddable":true,"href":"https:\/\/premarjunaterapias.com.br\/index.php\/wp-json\/wp\/v2\/product_brand?post=422"},{"taxonomy":"product_cat","embeddable":true,"href":"https:\/\/premarjunaterapias.com.br\/index.php\/wp-json\/wp\/v2\/product_cat?post=422"},{"taxonomy":"product_tag","embeddable":true,"href":"https:\/\/premarjunaterapias.com.br\/index.php\/wp-json\/wp\/v2\/product_tag?post=422"}],"curies":[{"name":"wp","href":"https:\/\/api.w.org\/{rel}","templated":true}]}}