{"id":429,"date":"2021-09-16T16:53:54","date_gmt":"2021-09-16T19:53:54","guid":{"rendered":"https:\/\/premarjunaterapias.com.br\/?post_type=product&#038;p=429"},"modified":"2025-01-03T21:11:56","modified_gmt":"2025-01-04T00:11:56","slug":"sessao-de-reiki","status":"publish","type":"product","link":"https:\/\/premarjunaterapias.com.br\/index.php\/produto\/sessao-de-reiki\/","title":{"rendered":"Sess\u00e3o de Reiki"},"content":{"rendered":"<p>Reiki significa energia vital universal, que \u00e9 transferida do terapeuta &#8211;\u00a0ou mestre reikiano &#8211;\u00a0para o paciente pelas m\u00e3os, a fim de equilibrar corpo, mente e emo\u00e7\u00f5es. A t\u00e9cnica foi desenvolvida no Jap\u00e3o, mas n\u00e3o est\u00e1 ligada a rituais religiosos e n\u00e3o possui efeitos colaterais; qualquer pessoa pode realiz\u00e1-la para complementar tratamentos de sa\u00fade ou sentir bem-estar e relaxamento. A pr\u00e1tica pode ainda reduzir sintomas de estresse, depress\u00e3o e ansiedade, dores, ins\u00f4nia e muito mais &#8211;\u00a0mas n\u00e3o deve substituir tratamentos m\u00e9dicos.<\/p>\n<p><strong>Mas como funciona?<\/strong><\/p>\n<p>Durante a pr\u00e1tica do Reiki, o paciente fica deitado em uma maca com os olhos fechados meditando sobre cinco princ\u00edpios: n\u00e3o sentir raiva, n\u00e3o se preocupar, ter gratid\u00e3o, trabalhar com dedica\u00e7\u00e3o e ser gentil. Enquanto isso, o mestre reikiano faz alguns movimentos com as m\u00e3os sobre o corpo do paciente para canalizar as energias dele, funcionando como um canal das &#8220;energias vitais universais&#8221;.<\/p>\n","protected":false},"excerpt":{"rendered":"<p>Reiki significa energia vital universal, que \u00e9 transferida do terapeuta &#8211;\u00a0ou mestre reikiano &#8211;\u00a0para o paciente pelas m\u00e3os, a fim de equilibrar corpo, mente e emo\u00e7\u00f5es. A t\u00e9cnica foi desenvolvida no Jap\u00e3o, mas n\u00e3o est\u00e1 ligada a rituais religiosos e n\u00e3o possui efeitos colaterais; qualquer pessoa pode realiz\u00e1-la para complementar tratamentos de sa\u00fade ou sentir [&hellip;]<\/p>\n","protected":false},"featured_media":436,"comment_status":"open","ping_status":"closed","template":"","meta":[],"product_brand":[],"product_cat":[63,64],"product_tag":[],"class_list":{"0":"post-429","1":"product","2":"type-product","3":"status-publish","4":"has-post-thumbnail","6":"product_cat-terapias-corporais","7":"product_cat-terapias-holisticas","9":"first","10":"instock","11":"shipping-taxable","12":"purchasable","13":"product-type-variable"},"_links":{"self":[{"href":"https:\/\/premarjunaterapias.com.br\/index.php\/wp-json\/wp\/v2\/product\/429","targetHints":{"allow":["GET"]}}],"collection":[{"href":"https:\/\/premarjunaterapias.com.br\/index.php\/wp-json\/wp\/v2\/product"}],"about":[{"href":"https:\/\/premarjunaterapias.com.br\/index.php\/wp-json\/wp\/v2\/types\/product"}],"replies":[{"embeddable":true,"href":"https:\/\/premarjunaterapias.com.br\/index.php\/wp-json\/wp\/v2\/comments?post=429"}],"wp:featuredmedia":[{"embeddable":true,"href":"https:\/\/premarjunaterapias.com.br\/index.php\/wp-json\/wp\/v2\/media\/436"}],"wp:attachment":[{"href":"https:\/\/premarjunaterapias.com.br\/index.php\/wp-json\/wp\/v2\/media?parent=429"}],"wp:term":[{"taxonomy":"product_brand","embeddable":true,"href":"https:\/\/premarjunaterapias.com.br\/index.php\/wp-json\/wp\/v2\/product_brand?post=429"},{"taxonomy":"product_cat","embeddable":true,"href":"https:\/\/premarjunaterapias.com.br\/index.php\/wp-json\/wp\/v2\/product_cat?post=429"},{"taxonomy":"product_tag","embeddable":true,"href":"https:\/\/premarjunaterapias.com.br\/index.php\/wp-json\/wp\/v2\/product_tag?post=429"}],"curies":[{"name":"wp","href":"https:\/\/api.w.org\/{rel}","templated":true}]}}