{"id":448,"date":"2021-09-16T17:26:09","date_gmt":"2021-09-16T20:26:09","guid":{"rendered":"https:\/\/premarjunaterapias.com.br\/?post_type=product&#038;p=448"},"modified":"2022-02-09T10:42:29","modified_gmt":"2022-02-09T13:42:29","slug":"massagem-relaxante","status":"publish","type":"product","link":"https:\/\/premarjunaterapias.com.br\/index.php\/produto\/massagem-relaxante\/","title":{"rendered":"Massagem relaxante"},"content":{"rendered":"<p>Massagem relaxante:<\/p>\n<p>Usando-se de movimentos leves, a massagem relaxante \u00e9 uma excelente alternativa para o tratamento de dores musculares. Geralmente causadas por estresse, problemas de postura ou movimentos repetitivos, esses h\u00e1bitos s\u00e3o prejudiciais, resultando em diferentes doen\u00e7as. Dessa maneira, ela \u00e9 uma ferramenta que promove o bem-estar, aliviando o desconforto das regi\u00f5es mais afetadas.<\/p>\n<p>\u00c9 tamb\u00e9m por meio da massagem relaxante que aumentamos a temperatura do corpo e seu fluxo sangu\u00edneo. Assim, reduzimos n\u00e3o apenas a tens\u00e3o produzida pelos nervos, mas tamb\u00e9m as toxinas acumuladas nos m\u00fasculos. Altamente ben\u00e9fica, seus resultados ficam ainda melhores quando combinados a \u00f3leos e aromas terap\u00eauticos, que potencializam suas sensa\u00e7\u00f5es.<\/p>\n<p>O que \u00e9 a massagem relaxante?<\/p>\n<p>A massagem relaxante \u00e9 uma t\u00e9cnica que mescla movimentos firmes e suaves sobre o corpo. Esses movimentos, por sua vez, estimulam a produ\u00e7\u00e3o de horm\u00f4nios relaxantes, como a ocitocina, que melhora o estresse e a sensa\u00e7\u00e3o de medo, assim como a serotonina, que normaliza o humor, os batimentos card\u00edacos e a sensibilidade em rela\u00e7\u00e3o \u00e0 dor.<\/p>\n<p>10 benef\u00edcios da massagem relaxante<\/p>\n<ul>\n<li>Mais consci\u00eancia e intimidade com o pr\u00f3prio corpo<\/li>\n<li>Ajuda com a revaloriza\u00e7\u00e3o da autoestima e da autoimagem<\/li>\n<li>Melhora a elasticidade dos m\u00fasculos<\/li>\n<li>Ajuda com a circula\u00e7\u00e3o sangu\u00ednea<\/li>\n<li>Diminui o cansa\u00e7o f\u00edsico e mental<\/li>\n<li>Previne problemas musculares<\/li>\n<li>Libera horm\u00f4nios que promovem o bem-estar<\/li>\n<li>Aumenta a circula\u00e7\u00e3o sangu\u00ednea<\/li>\n<li>Colabora com o sistema nervoso<\/li>\n<li>Elimina toxinas e res\u00edduos metab\u00f3licos<\/li>\n<\/ul>\n<p>&nbsp;<\/p>\n","protected":false},"excerpt":{"rendered":"<p>Na massagem relaxante energ\u00e9tica No inicio \u00e9 feito a leitura dos seus chacras, e no final \u00e9 realizado o alinhamentos dos seus chacras atrav\u00e9s do reiki sendo assim se trata corpo mente e espirito.<\/p>\n","protected":false},"featured_media":451,"comment_status":"open","ping_status":"closed","template":"","meta":[],"product_brand":[],"product_cat":[63],"product_tag":[82],"class_list":{"0":"post-448","1":"product","2":"type-product","3":"status-publish","4":"has-post-thumbnail","6":"product_cat-terapias-corporais","7":"product_tag-https-premarjunaterapias-com-br-index-php-produto-massagem-relaxante","9":"first","10":"instock","11":"shipping-taxable","12":"purchasable","13":"product-type-variable"},"_links":{"self":[{"href":"https:\/\/premarjunaterapias.com.br\/index.php\/wp-json\/wp\/v2\/product\/448","targetHints":{"allow":["GET"]}}],"collection":[{"href":"https:\/\/premarjunaterapias.com.br\/index.php\/wp-json\/wp\/v2\/product"}],"about":[{"href":"https:\/\/premarjunaterapias.com.br\/index.php\/wp-json\/wp\/v2\/types\/product"}],"replies":[{"embeddable":true,"href":"https:\/\/premarjunaterapias.com.br\/index.php\/wp-json\/wp\/v2\/comments?post=448"}],"wp:featuredmedia":[{"embeddable":true,"href":"https:\/\/premarjunaterapias.com.br\/index.php\/wp-json\/wp\/v2\/media\/451"}],"wp:attachment":[{"href":"https:\/\/premarjunaterapias.com.br\/index.php\/wp-json\/wp\/v2\/media?parent=448"}],"wp:term":[{"taxonomy":"product_brand","embeddable":true,"href":"https:\/\/premarjunaterapias.com.br\/index.php\/wp-json\/wp\/v2\/product_brand?post=448"},{"taxonomy":"product_cat","embeddable":true,"href":"https:\/\/premarjunaterapias.com.br\/index.php\/wp-json\/wp\/v2\/product_cat?post=448"},{"taxonomy":"product_tag","embeddable":true,"href":"https:\/\/premarjunaterapias.com.br\/index.php\/wp-json\/wp\/v2\/product_tag?post=448"}],"curies":[{"name":"wp","href":"https:\/\/api.w.org\/{rel}","templated":true}]}}