{"id":478,"date":"2021-09-21T15:13:03","date_gmt":"2021-09-21T18:13:03","guid":{"rendered":"https:\/\/premarjunaterapias.com.br\/?post_type=product&#038;p=478"},"modified":"2022-02-06T11:43:46","modified_gmt":"2022-02-06T14:43:46","slug":"bullet-sem-fio","status":"publish","type":"product","link":"https:\/\/premarjunaterapias.com.br\/index.php\/produto\/bullet-sem-fio\/","title":{"rendered":"bullet sem fio estimulador clitoriano"},"content":{"rendered":"<p>Este \u00e9 um vibrador e estimulador simplesmente surpreendente. Silencioso com vibro super potente. Controle\u00a0 sem fio que permite ajustar a intensidade de vibra\u00e7\u00e3o de forma simples e descomplicada.<\/p>\n<p>Este bullet \u00e9 dos cl\u00e1ssicos mais vendidos e usados em todo o mundo.. Discreto, \u00e9 perfeito para ter sempre na bolsa . Indicado para estimula\u00e7\u00e3o e massagem de \u00e1reas er\u00f3genas como clit\u00f3ris, seios e p\u00eanis. Excelente estimulador e massageador de \u00e1reas er\u00f3genas do corpo feminino e tamb\u00e9m do corpo masculino.<\/p>\n","protected":false},"excerpt":{"rendered":"<p>Este \u00e9 um vibrador e estimulador simplesmente surpreendente. Silencioso com vibro super potente. Controle\u00a0 sem fio que permite ajustar a intensidade de vibra\u00e7\u00e3o de forma simples e descomplicada. Este bullet \u00e9 dos cl\u00e1ssicos mais vendidos e usados em todo o mundo.. Discreto, \u00e9 perfeito para ter sempre na bolsa . Indicado para estimula\u00e7\u00e3o e massagem [&hellip;]<\/p>\n","protected":false},"featured_media":483,"comment_status":"open","ping_status":"closed","template":"","meta":[],"product_brand":[],"product_cat":[35],"product_tag":[76],"class_list":{"0":"post-478","1":"product","2":"type-product","3":"status-publish","4":"has-post-thumbnail","6":"product_cat-massageadores-e-vibradores","7":"product_tag-https-premarjunaterapias-com-br-index-php-produto-vibrador-pontos-p-e-g","9":"first","10":"instock","11":"shipping-taxable","12":"purchasable","13":"product-type-variable"},"_links":{"self":[{"href":"https:\/\/premarjunaterapias.com.br\/index.php\/wp-json\/wp\/v2\/product\/478","targetHints":{"allow":["GET"]}}],"collection":[{"href":"https:\/\/premarjunaterapias.com.br\/index.php\/wp-json\/wp\/v2\/product"}],"about":[{"href":"https:\/\/premarjunaterapias.com.br\/index.php\/wp-json\/wp\/v2\/types\/product"}],"replies":[{"embeddable":true,"href":"https:\/\/premarjunaterapias.com.br\/index.php\/wp-json\/wp\/v2\/comments?post=478"}],"wp:featuredmedia":[{"embeddable":true,"href":"https:\/\/premarjunaterapias.com.br\/index.php\/wp-json\/wp\/v2\/media\/483"}],"wp:attachment":[{"href":"https:\/\/premarjunaterapias.com.br\/index.php\/wp-json\/wp\/v2\/media?parent=478"}],"wp:term":[{"taxonomy":"product_brand","embeddable":true,"href":"https:\/\/premarjunaterapias.com.br\/index.php\/wp-json\/wp\/v2\/product_brand?post=478"},{"taxonomy":"product_cat","embeddable":true,"href":"https:\/\/premarjunaterapias.com.br\/index.php\/wp-json\/wp\/v2\/product_cat?post=478"},{"taxonomy":"product_tag","embeddable":true,"href":"https:\/\/premarjunaterapias.com.br\/index.php\/wp-json\/wp\/v2\/product_tag?post=478"}],"curies":[{"name":"wp","href":"https:\/\/api.w.org\/{rel}","templated":true}]}}