{"id":509,"date":"2021-09-21T16:02:01","date_gmt":"2021-09-21T19:02:01","guid":{"rendered":"https:\/\/premarjunaterapias.com.br\/?post_type=product&#038;p=509"},"modified":"2024-11-11T00:34:52","modified_gmt":"2024-11-11T03:34:52","slug":"massageador-hitashi-similar","status":"publish","type":"product","link":"https:\/\/premarjunaterapias.com.br\/index.php\/produto\/massageador-hitashi-similar\/","title":{"rendered":"Massageador Hitashi similar"},"content":{"rendered":"<p style=\"text-align: right;\">Massageador e vibrador utilizado em massagens para retirar n\u00f3dulos de tens\u00e3o principalmente na regi\u00e3o das costas e usado tamb\u00e9m na terapia t\u00e2ntrica como estimulador clitoriano, e na estimula\u00e7\u00e3o para os homens com problemas de ejacula\u00e7\u00e3o retardada.<\/p>\n<p>Vantagem de ser recarreg\u00e1vel \u00e9 que na hora do uso n\u00e3o tem fio .<\/p>\n","protected":false},"excerpt":{"rendered":"<p>Massageador e vibrador com varia\u00e7\u00e3o de 2 intensidades.<\/p>\n","protected":false},"featured_media":510,"comment_status":"open","ping_status":"closed","template":"","meta":[],"product_brand":[],"product_cat":[35],"product_tag":[74,76],"class_list":{"0":"post-509","1":"product","2":"type-product","3":"status-publish","4":"has-post-thumbnail","6":"product_cat-massageadores-e-vibradores","7":"product_tag-https-premarjunaterapias-com-br-index-php-produto-massageador-hitashi-similar","8":"product_tag-https-premarjunaterapias-com-br-index-php-produto-vibrador-pontos-p-e-g","10":"first","11":"instock","12":"shipping-taxable","13":"purchasable","14":"product-type-variable"},"_links":{"self":[{"href":"https:\/\/premarjunaterapias.com.br\/index.php\/wp-json\/wp\/v2\/product\/509","targetHints":{"allow":["GET"]}}],"collection":[{"href":"https:\/\/premarjunaterapias.com.br\/index.php\/wp-json\/wp\/v2\/product"}],"about":[{"href":"https:\/\/premarjunaterapias.com.br\/index.php\/wp-json\/wp\/v2\/types\/product"}],"replies":[{"embeddable":true,"href":"https:\/\/premarjunaterapias.com.br\/index.php\/wp-json\/wp\/v2\/comments?post=509"}],"wp:featuredmedia":[{"embeddable":true,"href":"https:\/\/premarjunaterapias.com.br\/index.php\/wp-json\/wp\/v2\/media\/510"}],"wp:attachment":[{"href":"https:\/\/premarjunaterapias.com.br\/index.php\/wp-json\/wp\/v2\/media?parent=509"}],"wp:term":[{"taxonomy":"product_brand","embeddable":true,"href":"https:\/\/premarjunaterapias.com.br\/index.php\/wp-json\/wp\/v2\/product_brand?post=509"},{"taxonomy":"product_cat","embeddable":true,"href":"https:\/\/premarjunaterapias.com.br\/index.php\/wp-json\/wp\/v2\/product_cat?post=509"},{"taxonomy":"product_tag","embeddable":true,"href":"https:\/\/premarjunaterapias.com.br\/index.php\/wp-json\/wp\/v2\/product_tag?post=509"}],"curies":[{"name":"wp","href":"https:\/\/api.w.org\/{rel}","templated":true}]}}