{"id":514,"date":"2021-09-21T17:18:04","date_gmt":"2021-09-21T20:18:04","guid":{"rendered":"https:\/\/premarjunaterapias.com.br\/?post_type=product&#038;p=514"},"modified":"2021-09-28T11:32:03","modified_gmt":"2021-09-28T14:32:03","slug":"capsula-vibratoria","status":"publish","type":"product","link":"https:\/\/premarjunaterapias.com.br\/index.php\/produto\/capsula-vibratoria\/","title":{"rendered":"Capsula vibratoria"},"content":{"rendered":"<p>Este \u00e9 um vibrador e estimulador simplesmente surpreendente. Silencioso com vibro super potente.<\/p>\n<p>Este vibrador \u00e9 dos cl\u00e1ssicos mais vendidos e usados em todo o mundo.. Discreto, \u00e9 perfeito para ter sempre na bolsa . Indicado para estimula\u00e7\u00e3o e massagem de \u00e1reas er\u00f3genas como clit\u00f3ris, seios e p\u00eanis. Excelente estimulador e massageador de \u00e1reas er\u00f3genas do corpo feminino e tamb\u00e9m do corpo masculino.<\/p>\n","protected":false},"excerpt":{"rendered":"<p>Capsula simples<\/p>\n","protected":false},"featured_media":515,"comment_status":"open","ping_status":"closed","template":"","meta":[],"product_brand":[],"product_cat":[35],"product_tag":[74,76],"class_list":{"0":"post-514","1":"product","2":"type-product","3":"status-publish","4":"has-post-thumbnail","6":"product_cat-massageadores-e-vibradores","7":"product_tag-https-premarjunaterapias-com-br-index-php-produto-massageador-hitashi-similar","8":"product_tag-https-premarjunaterapias-com-br-index-php-produto-vibrador-pontos-p-e-g","10":"first","11":"instock","12":"shipping-taxable","13":"purchasable","14":"product-type-simple"},"_links":{"self":[{"href":"https:\/\/premarjunaterapias.com.br\/index.php\/wp-json\/wp\/v2\/product\/514","targetHints":{"allow":["GET"]}}],"collection":[{"href":"https:\/\/premarjunaterapias.com.br\/index.php\/wp-json\/wp\/v2\/product"}],"about":[{"href":"https:\/\/premarjunaterapias.com.br\/index.php\/wp-json\/wp\/v2\/types\/product"}],"replies":[{"embeddable":true,"href":"https:\/\/premarjunaterapias.com.br\/index.php\/wp-json\/wp\/v2\/comments?post=514"}],"wp:featuredmedia":[{"embeddable":true,"href":"https:\/\/premarjunaterapias.com.br\/index.php\/wp-json\/wp\/v2\/media\/515"}],"wp:attachment":[{"href":"https:\/\/premarjunaterapias.com.br\/index.php\/wp-json\/wp\/v2\/media?parent=514"}],"wp:term":[{"taxonomy":"product_brand","embeddable":true,"href":"https:\/\/premarjunaterapias.com.br\/index.php\/wp-json\/wp\/v2\/product_brand?post=514"},{"taxonomy":"product_cat","embeddable":true,"href":"https:\/\/premarjunaterapias.com.br\/index.php\/wp-json\/wp\/v2\/product_cat?post=514"},{"taxonomy":"product_tag","embeddable":true,"href":"https:\/\/premarjunaterapias.com.br\/index.php\/wp-json\/wp\/v2\/product_tag?post=514"}],"curies":[{"name":"wp","href":"https:\/\/api.w.org\/{rel}","templated":true}]}}