{"id":516,"date":"2021-09-23T08:51:14","date_gmt":"2021-09-23T11:51:14","guid":{"rendered":"https:\/\/premarjunaterapias.com.br\/?post_type=product&#038;p=516"},"modified":"2022-02-09T10:41:05","modified_gmt":"2022-02-09T13:41:05","slug":"sessao-de-terapia-tantrica","status":"publish","type":"product","link":"https:\/\/premarjunaterapias.com.br\/index.php\/produto\/sessao-de-terapia-tantrica\/","title":{"rendered":"Sess\u00e3o de Terapia T\u00e2ntrica m\u00e9todo Prem Arjuna &#8211; Massagem t\u00e2ntrica"},"content":{"rendered":"<p><strong>Sess\u00e3o de terapia t\u00e2ntrica \u2013 Prem Arjuna<\/strong><\/p>\n<p>Venho seguindo nesta caminhada das terapias hol\u00edsticas e do autoconhecimento h\u00e1 muitos anos e desenvolvi meu m\u00e9todo pr\u00f3prio de atendimento, integrando ferramentas qu\u00e2nticas, radiestesia com massagem t\u00e2ntrica inspirada no m\u00e9todo Deva Nishok e elementos de psicoterapia t\u00e2ntrica.<\/p>\n<p>&nbsp;<\/p>\n<p>Vou contar como acontece a sess\u00e3o de terapia t\u00e2ntrica!<\/p>\n<p>Para come\u00e7ar \u00e9 importante fazermos a <strong>anamnese<\/strong>, que \u00e9 um question\u00e1rio sobre a sa\u00fade f\u00edsica e mental do interagente e eu poder avaliar como vai se dar o processo terap\u00eautico.<\/p>\n<p>Um detalhe: \u00a0interagente \u00e9 a pessoa que est\u00e1 \u00e0 procura da terapia t\u00e2ntrica. Esse termo \u00e9 usado porque h\u00e1 uma intera\u00e7\u00e3o de energias.<\/p>\n<p>Durante a anamnese vou explicar como vai funcionar todo processo terap\u00eautico e voc\u00ea vai tirar suas d\u00favidas. De toda forma, a qualquer momento, voc\u00ea sempre pode questionar qualquer coisa que vier a cabe\u00e7a. \u00c9 importante que voc\u00ea se sinta \u00e0 vontade com o processo.<\/p>\n<p>Depois desse bate-papo, farei a <strong>leitura dos seus chacras<\/strong>, para medir os pontos de energia e identificar se precisamos equilibr\u00e1-las antes de come\u00e7ar o processo de massagem propriamente dito.<\/p>\n<p>Quando necess\u00e1rio, podemos fazer medita\u00e7\u00e3o, com o objetivo de \u00a0trazer o interagente para o momento presente, o <strong>\u201caqui e agora\u201d.<\/strong><\/p>\n<p>Ap\u00f3s essa etapa de conex\u00e3o, vamos passar para a sess\u00e3o de massagem, come\u00e7ando pela <strong>Massagem<\/strong> <strong>Sensitive<\/strong>. Essa massagem \u00e9 feita com a ponta dos dedos, suavemente, por todo o corpo do interagente, ativando a bio-eletricidade do corpo e come\u00e7ar a acordar a energia Kundalini, que est\u00e1 normalmente adormecida.<\/p>\n<p>Ent\u00e3o, para as mulheres, passamos para a<strong> Yoni Massagem <\/strong>e, para os homens, <strong>a Lingam Massagem<\/strong>. Essas massagens incluem manobras na regi\u00e3o genital, fazendo a energia Kundalini serpentear por todos os chacras, subindo do chakra b\u00e1sico at\u00e9 o \u00faltimo chacra, o Sarashara ou chacra coron\u00e1rio. O interagente pode atingir estado alterado de consci\u00eancia passando por um processo de m\u00faltiplos orgasmos.<\/p>\n<p>Depois de acessar estas sensa\u00e7\u00f5es todas, vem o momento da <strong>integra\u00e7\u00e3o<\/strong>, momento de deixar seu corpo entender e absorver tudo que foi acessado, sentir essa manifesta\u00e7\u00e3o energ\u00e9tica que est\u00e1 acontecendo. Agora n\u00e3o toco mais o seu corpo, mas estou ao seu lado, atento ao seu processo.<\/p>\n<p>\u00c9 interessante termos uma nova conversa, pra saber como voc\u00ea est\u00e1 se sentindo e ouvir o que tem para compartilhar.<\/p>\n<p>Esse \u00e9 o processo completo, mas nem sempre todo processo acontece nas primeiras sess\u00f5es. \u00a0Eu, como seu terapeuta, vou avaliar seu processo de permiss\u00e3o, permiss\u00e3o do seu corpo, seu estado geral. Podemos come\u00e7ar com a Sensitive Massagem e, conforme seu desenvolvimento, avan\u00e7ar para as demais t\u00e9cnicas, e ir permitindo-se descobrir essa nova energia e assistir seu corpo desabrochar.<\/p>\n<p>&nbsp;<\/p>\n","protected":false},"excerpt":{"rendered":"<p>Sess\u00e3o de conex\u00e3o com o Divino em voc\u00ea<\/p>\n","protected":false},"featured_media":522,"comment_status":"open","ping_status":"closed","template":"","meta":[],"product_brand":[],"product_cat":[15,63],"product_tag":[73],"class_list":{"0":"post-516","1":"product","2":"type-product","3":"status-publish","4":"has-post-thumbnail","6":"product_cat-terapias","7":"product_cat-terapias-corporais","8":"product_tag-https-premarjunaterapias-com-br-index-php-produto-sessao-de-terapia-tantrica-2","10":"first","11":"instock","12":"shipping-taxable","13":"purchasable","14":"product-type-variable"},"_links":{"self":[{"href":"https:\/\/premarjunaterapias.com.br\/index.php\/wp-json\/wp\/v2\/product\/516","targetHints":{"allow":["GET"]}}],"collection":[{"href":"https:\/\/premarjunaterapias.com.br\/index.php\/wp-json\/wp\/v2\/product"}],"about":[{"href":"https:\/\/premarjunaterapias.com.br\/index.php\/wp-json\/wp\/v2\/types\/product"}],"replies":[{"embeddable":true,"href":"https:\/\/premarjunaterapias.com.br\/index.php\/wp-json\/wp\/v2\/comments?post=516"}],"wp:featuredmedia":[{"embeddable":true,"href":"https:\/\/premarjunaterapias.com.br\/index.php\/wp-json\/wp\/v2\/media\/522"}],"wp:attachment":[{"href":"https:\/\/premarjunaterapias.com.br\/index.php\/wp-json\/wp\/v2\/media?parent=516"}],"wp:term":[{"taxonomy":"product_brand","embeddable":true,"href":"https:\/\/premarjunaterapias.com.br\/index.php\/wp-json\/wp\/v2\/product_brand?post=516"},{"taxonomy":"product_cat","embeddable":true,"href":"https:\/\/premarjunaterapias.com.br\/index.php\/wp-json\/wp\/v2\/product_cat?post=516"},{"taxonomy":"product_tag","embeddable":true,"href":"https:\/\/premarjunaterapias.com.br\/index.php\/wp-json\/wp\/v2\/product_tag?post=516"}],"curies":[{"name":"wp","href":"https:\/\/api.w.org\/{rel}","templated":true}]}}