{"id":565,"date":"2021-09-23T10:55:03","date_gmt":"2021-09-23T13:55:03","guid":{"rendered":"https:\/\/premarjunaterapias.com.br\/?post_type=product&#038;p=565"},"modified":"2022-03-12T15:10:12","modified_gmt":"2022-03-12T18:10:12","slug":"massagem-sensitive","status":"publish","type":"product","link":"https:\/\/premarjunaterapias.com.br\/index.php\/produto\/massagem-sensitive\/","title":{"rendered":"Massagem sensitive e bioeletricidade"},"content":{"rendered":"<h4><strong>Massagem<\/strong> <strong>Sensitive<\/strong>.<\/h4>\n<h4>Essa massagem \u00e9 feita com a ponta dos dedos, suavemente, por todo o corpo do interagente, ativando a bio-eletricidade do corpo e come\u00e7ar a acordar a energia Kundalini, que est\u00e1 normalmente adormecida.<\/h4>\n<h4 dir=\"ltr\"><strong>Entenda como funciona a massagem sensitive<\/strong><\/h4>\n<p dir=\"ltr\">Durante o processo de massagem sensitive, o terapeuta t\u00e2ntrico criar\u00e1 uma atmosfera relaxante e prop\u00edcia para abertura \u00e0s novas sensa\u00e7\u00f5es. A realiza\u00e7\u00e3o dos movimentos \u00e9 cont\u00ednua e suave, j\u00e1 que o corpo \u00e9 tocado pelas pontas dos dedos quase que exclusivamente.<\/p>\n<p dir=\"ltr\">Esses est\u00edmulos s\u00e3o leves e podem causar diversas sensa\u00e7\u00f5es no sistema nervoso. A t\u00e9cnica \u00e9 conhecida por aprofundar a sensibilidade de todas as partes do corpo, al\u00e9m de estimular o prazer e o autoconhecimento.<\/p>\n<p dir=\"ltr\">A massagem \u00e9 recomendada para homens e mulheres, independentemente da idade. Ela faz parte de uma filosofia milenar, que trata de traumas relacionados \u00e0 sa\u00fade sexual e espiritual de forma leve, sem tabus.<\/p>\n<p dir=\"ltr\">\u00c9 importante frisarmos que a experi\u00eancia de uma massagem sensitive depende muito do seu tipo de personalidade e, claro, a sua abertura para a pr\u00e1tica.<\/p>\n<p dir=\"ltr\">Se qualquer aspecto relacionado \u00e0 massagem te deixa inseguro ou desconfort\u00e1vel antes da pr\u00e1tica, n\u00e3o hesite em conversar com o terapeuta t\u00e2ntrico.<\/p>\n<h4 dir=\"ltr\"><strong>Quais s\u00e3o os benef\u00edcios da massagem sensitive?<\/strong><\/h4>\n<p dir=\"ltr\">A pr\u00e1tica da massagem sensitive tem muitos outros benef\u00edcios para al\u00e9m do relaxamento do corpo. Conhe\u00e7a agora algumas das principais vantagens da pr\u00e1tica:<\/p>\n<h4 dir=\"ltr\"><strong>Autoconhecimento<\/strong><\/h4>\n<p dir=\"ltr\">Ao despertar \u00e1reas de sensibilidade adormecidas em seu corpo, \u00e9 poss\u00edvel dizer que a massagem sensitive \u00e9 uma \u00f3tima ferramenta de autoconhecimento, ajudando pessoas a entenderem melhor como o prazer funciona, e como usar essas sensa\u00e7\u00f5es ao seu favor no dia a dia.<\/p>\n<h2 dir=\"ltr\"><\/h2>\n","protected":false},"excerpt":{"rendered":"<p>Massagem Sensitive. Essa massagem \u00e9 feita com a ponta dos dedos, suavemente, por todo o corpo do interagente, ativando a bio-eletricidade do corpo e come\u00e7ar a acordar a energia Kundalini, que est\u00e1 normalmente adormecida. Entenda como funciona a massagem sensitive Durante o processo de massagem sensitive, o terapeuta t\u00e2ntrico criar\u00e1 uma atmosfera relaxante e prop\u00edcia [&hellip;]<\/p>\n","protected":false},"featured_media":567,"comment_status":"open","ping_status":"closed","template":"","meta":[],"product_brand":[],"product_cat":[15,63],"product_tag":[193,191,192,73],"class_list":{"0":"post-565","1":"product","2":"type-product","3":"status-publish","4":"has-post-thumbnail","6":"product_cat-terapias","7":"product_cat-terapias-corporais","8":"product_tag-https-premarjunaterapias-com-br-index-php-produto-massagem-sensitive-","9":"product_tag-https-premarjunaterapias-com-br-index-php-kundalini","10":"product_tag-massagem-tantrica","11":"product_tag-https-premarjunaterapias-com-br-index-php-produto-sessao-de-terapia-tantrica-2","13":"first","14":"instock","15":"virtual","16":"purchasable","17":"product-type-simple"},"_links":{"self":[{"href":"https:\/\/premarjunaterapias.com.br\/index.php\/wp-json\/wp\/v2\/product\/565","targetHints":{"allow":["GET"]}}],"collection":[{"href":"https:\/\/premarjunaterapias.com.br\/index.php\/wp-json\/wp\/v2\/product"}],"about":[{"href":"https:\/\/premarjunaterapias.com.br\/index.php\/wp-json\/wp\/v2\/types\/product"}],"replies":[{"embeddable":true,"href":"https:\/\/premarjunaterapias.com.br\/index.php\/wp-json\/wp\/v2\/comments?post=565"}],"wp:featuredmedia":[{"embeddable":true,"href":"https:\/\/premarjunaterapias.com.br\/index.php\/wp-json\/wp\/v2\/media\/567"}],"wp:attachment":[{"href":"https:\/\/premarjunaterapias.com.br\/index.php\/wp-json\/wp\/v2\/media?parent=565"}],"wp:term":[{"taxonomy":"product_brand","embeddable":true,"href":"https:\/\/premarjunaterapias.com.br\/index.php\/wp-json\/wp\/v2\/product_brand?post=565"},{"taxonomy":"product_cat","embeddable":true,"href":"https:\/\/premarjunaterapias.com.br\/index.php\/wp-json\/wp\/v2\/product_cat?post=565"},{"taxonomy":"product_tag","embeddable":true,"href":"https:\/\/premarjunaterapias.com.br\/index.php\/wp-json\/wp\/v2\/product_tag?post=565"}],"curies":[{"name":"wp","href":"https:\/\/api.w.org\/{rel}","templated":true}]}}