{"id":574,"date":"2021-09-24T16:38:37","date_gmt":"2021-09-24T19:38:37","guid":{"rendered":"https:\/\/premarjunaterapias.com.br\/?post_type=product&#038;p=574"},"modified":"2022-02-09T10:35:54","modified_gmt":"2022-02-09T13:35:54","slug":"terapia-ascencionada","status":"publish","type":"product","link":"https:\/\/premarjunaterapias.com.br\/index.php\/produto\/terapia-ascencionada\/","title":{"rendered":"Terapia  ascencionada"},"content":{"rendered":"<p>Terapia em que o terapeuta se coloca a disposi\u00e7\u00e3o da espiritualidade maior para canalizar as energias necess\u00e1rias para o tratamento do paciente em quest\u00e3o.<\/p>\n","protected":false},"excerpt":{"rendered":"<p>Terapia energ\u00e9tica ascencionada<\/p>\n","protected":false},"featured_media":581,"comment_status":"open","ping_status":"closed","template":"","meta":[],"product_brand":[],"product_cat":[64],"product_tag":[73],"class_list":{"0":"post-574","1":"product","2":"type-product","3":"status-publish","4":"has-post-thumbnail","6":"product_cat-terapias-holisticas","7":"product_tag-https-premarjunaterapias-com-br-index-php-produto-sessao-de-terapia-tantrica-2","9":"first","10":"instock","11":"shipping-taxable","12":"purchasable","13":"product-type-variable"},"_links":{"self":[{"href":"https:\/\/premarjunaterapias.com.br\/index.php\/wp-json\/wp\/v2\/product\/574","targetHints":{"allow":["GET"]}}],"collection":[{"href":"https:\/\/premarjunaterapias.com.br\/index.php\/wp-json\/wp\/v2\/product"}],"about":[{"href":"https:\/\/premarjunaterapias.com.br\/index.php\/wp-json\/wp\/v2\/types\/product"}],"replies":[{"embeddable":true,"href":"https:\/\/premarjunaterapias.com.br\/index.php\/wp-json\/wp\/v2\/comments?post=574"}],"wp:featuredmedia":[{"embeddable":true,"href":"https:\/\/premarjunaterapias.com.br\/index.php\/wp-json\/wp\/v2\/media\/581"}],"wp:attachment":[{"href":"https:\/\/premarjunaterapias.com.br\/index.php\/wp-json\/wp\/v2\/media?parent=574"}],"wp:term":[{"taxonomy":"product_brand","embeddable":true,"href":"https:\/\/premarjunaterapias.com.br\/index.php\/wp-json\/wp\/v2\/product_brand?post=574"},{"taxonomy":"product_cat","embeddable":true,"href":"https:\/\/premarjunaterapias.com.br\/index.php\/wp-json\/wp\/v2\/product_cat?post=574"},{"taxonomy":"product_tag","embeddable":true,"href":"https:\/\/premarjunaterapias.com.br\/index.php\/wp-json\/wp\/v2\/product_tag?post=574"}],"curies":[{"name":"wp","href":"https:\/\/api.w.org\/{rel}","templated":true}]}}