{"id":708,"date":"2022-02-06T11:15:25","date_gmt":"2022-02-06T14:15:25","guid":{"rendered":"https:\/\/premarjunaterapias.com.br\/?post_type=product&#038;p=708"},"modified":"2026-01-17T15:12:46","modified_gmt":"2026-01-17T18:12:46","slug":"placa-codigo-frequencial","status":"publish","type":"product","link":"https:\/\/premarjunaterapias.com.br\/index.php\/produto\/placa-codigo-frequencial\/","title":{"rendered":"Placa c\u00f3digo frequencial"},"content":{"rendered":"<blockquote>\n<p style=\"text-align: right;\">Placa para gerar o c\u00f3digo frequ\u00eancial para tratamento radiest\u00e9sico.No atacado acima de 10 pe\u00e7as 53,00 para pagamento via pix + frete para isso s\u00f3 chamar no WhatsApp<\/p>\n<\/blockquote>\n","protected":false},"excerpt":{"rendered":"<p>Placa para gerar o c\u00f3digo frequ\u00eancial para tratamento radiest\u00e9sico.No atacado acima de 10 pe\u00e7as 53,00 para pagamento via pix + frete para isso s\u00f3 chamar no WhatsApp<\/p>\n","protected":false},"featured_media":709,"comment_status":"open","ping_status":"closed","template":"","meta":[],"product_brand":[],"product_cat":[212],"product_tag":[213],"class_list":{"0":"post-708","1":"product","2":"type-product","3":"status-publish","4":"has-post-thumbnail","6":"product_cat-placa-codigo-frequencial","7":"product_tag-codigo-frequencial","9":"first","10":"instock","11":"shipping-taxable","12":"purchasable","13":"product-type-simple"},"_links":{"self":[{"href":"https:\/\/premarjunaterapias.com.br\/index.php\/wp-json\/wp\/v2\/product\/708","targetHints":{"allow":["GET"]}}],"collection":[{"href":"https:\/\/premarjunaterapias.com.br\/index.php\/wp-json\/wp\/v2\/product"}],"about":[{"href":"https:\/\/premarjunaterapias.com.br\/index.php\/wp-json\/wp\/v2\/types\/product"}],"replies":[{"embeddable":true,"href":"https:\/\/premarjunaterapias.com.br\/index.php\/wp-json\/wp\/v2\/comments?post=708"}],"wp:featuredmedia":[{"embeddable":true,"href":"https:\/\/premarjunaterapias.com.br\/index.php\/wp-json\/wp\/v2\/media\/709"}],"wp:attachment":[{"href":"https:\/\/premarjunaterapias.com.br\/index.php\/wp-json\/wp\/v2\/media?parent=708"}],"wp:term":[{"taxonomy":"product_brand","embeddable":true,"href":"https:\/\/premarjunaterapias.com.br\/index.php\/wp-json\/wp\/v2\/product_brand?post=708"},{"taxonomy":"product_cat","embeddable":true,"href":"https:\/\/premarjunaterapias.com.br\/index.php\/wp-json\/wp\/v2\/product_cat?post=708"},{"taxonomy":"product_tag","embeddable":true,"href":"https:\/\/premarjunaterapias.com.br\/index.php\/wp-json\/wp\/v2\/product_tag?post=708"}],"curies":[{"name":"wp","href":"https:\/\/api.w.org\/{rel}","templated":true}]}}