{"id":771,"date":"2022-04-09T13:54:14","date_gmt":"2022-04-09T16:54:14","guid":{"rendered":"https:\/\/premarjunaterapias.com.br\/?post_type=product&#038;p=771"},"modified":"2023-10-13T09:47:00","modified_gmt":"2023-10-13T12:47:00","slug":"andara-fume","status":"publish","type":"product","link":"https:\/\/premarjunaterapias.com.br\/index.php\/produto\/andara-fume\/","title":{"rendered":"Andara fume"},"content":{"rendered":"<h4><strong>o cristal andara \u00e9 conhecida como &#8221; a pedra da verdade &#8221; por sua capacidade de mostrar o que est\u00e1 oculto dentro dela.<\/strong><\/h4>\n<h3>Al\u00e9m desta propriedade \u00e9 de grande ajuda para:<\/h3>\n<h3>Prote\u00e7\u00e3o de energia, a pedra forma um escudo de energia e absorve energias negativas.<\/h3>\n<h3>Clareamento de ideias, ajuda em per\u00edodos de instabilidade mental e emocional, esse cristal vulc\u00e2nico vai te ajudar a se conectar com seus sentimentos e seu prop\u00f3sito.<\/h3>\n<h3>Encontre seus talentos ocultos com a andara, depois de tirar as energias negativas que te rodeiam ela te ajuda a aceitar e usar melhor seus talentos que podiam estar ocultos.<\/h3>\n<p>A pedra tamb\u00e9m \u00e9 utilizada em diferentes usos terap\u00eauticos, aplicada nos diferentes chakras ou na forma de um elixir de cura.<\/p>\n<p>&nbsp;<\/p>\n","protected":false},"excerpt":{"rendered":"<p>o cristal andara \u00e9 conhecida como &#8221; a pedra da verdade &#8221; por sua capacidade de mostrar o que est\u00e1 oculto dentro dela. Al\u00e9m desta propriedade \u00e9 de grande ajuda para: Prote\u00e7\u00e3o de energia, a pedra forma um escudo de energia e absorve energias negativas. Clareamento de ideias, ajuda em per\u00edodos de instabilidade mental e [&hellip;]<\/p>\n","protected":false},"featured_media":775,"comment_status":"open","ping_status":"closed","template":"","meta":[],"product_brand":[],"product_cat":[219],"product_tag":[],"class_list":{"0":"post-771","1":"product","2":"type-product","3":"status-publish","4":"has-post-thumbnail","6":"product_cat-andara","8":"first","9":"instock","10":"shipping-taxable","11":"purchasable","12":"product-type-variable"},"_links":{"self":[{"href":"https:\/\/premarjunaterapias.com.br\/index.php\/wp-json\/wp\/v2\/product\/771","targetHints":{"allow":["GET"]}}],"collection":[{"href":"https:\/\/premarjunaterapias.com.br\/index.php\/wp-json\/wp\/v2\/product"}],"about":[{"href":"https:\/\/premarjunaterapias.com.br\/index.php\/wp-json\/wp\/v2\/types\/product"}],"replies":[{"embeddable":true,"href":"https:\/\/premarjunaterapias.com.br\/index.php\/wp-json\/wp\/v2\/comments?post=771"}],"wp:featuredmedia":[{"embeddable":true,"href":"https:\/\/premarjunaterapias.com.br\/index.php\/wp-json\/wp\/v2\/media\/775"}],"wp:attachment":[{"href":"https:\/\/premarjunaterapias.com.br\/index.php\/wp-json\/wp\/v2\/media?parent=771"}],"wp:term":[{"taxonomy":"product_brand","embeddable":true,"href":"https:\/\/premarjunaterapias.com.br\/index.php\/wp-json\/wp\/v2\/product_brand?post=771"},{"taxonomy":"product_cat","embeddable":true,"href":"https:\/\/premarjunaterapias.com.br\/index.php\/wp-json\/wp\/v2\/product_cat?post=771"},{"taxonomy":"product_tag","embeddable":true,"href":"https:\/\/premarjunaterapias.com.br\/index.php\/wp-json\/wp\/v2\/product_tag?post=771"}],"curies":[{"name":"wp","href":"https:\/\/api.w.org\/{rel}","templated":true}]}}