{"id":781,"date":"2022-05-17T19:13:01","date_gmt":"2022-05-17T22:13:01","guid":{"rendered":"https:\/\/premarjunaterapias.com.br\/?post_type=product&#038;p=781"},"modified":"2025-10-31T23:13:46","modified_gmt":"2025-11-01T02:13:46","slug":"palo-santo","status":"publish","type":"product","link":"https:\/\/premarjunaterapias.com.br\/index.php\/produto\/palo-santo\/","title":{"rendered":"Palo Santo"},"content":{"rendered":"<p>Palo santo peruano pacote com 5a gramas nome cientifico Burseira Graveolens origem peru.<\/p>\n<p>O\u00a0<b>Palo Santo<\/b>\u00a0atua como um poderoso equilibrador, harmonizando a aura ao limpar as energias negativas, eliminando as cargas estagnadas acumuladas e atraindo bons flu\u00eddos. \u201cEle \u00e9 capaz de promover uma grande limpeza, n\u00e3o s\u00f3 em ambientes, mas tamb\u00e9m em pessoas.<\/p>\n","protected":false},"excerpt":{"rendered":"<p>Palo santo peruano pacote com 5a gramas nome cientifico Burseira Graveolens origem peru. O\u00a0Palo Santo\u00a0atua como um poderoso equilibrador, harmonizando a aura ao limpar as energias negativas, eliminando as cargas estagnadas acumuladas e atraindo bons flu\u00eddos. \u201cEle \u00e9 capaz de promover uma grande limpeza, n\u00e3o s\u00f3 em ambientes, mas tamb\u00e9m em pessoas.<\/p>\n","protected":false},"featured_media":787,"comment_status":"open","ping_status":"closed","template":"","meta":[],"product_brand":[],"product_cat":[215],"product_tag":[216],"class_list":{"0":"post-781","1":"product","2":"type-product","3":"status-publish","4":"has-post-thumbnail","6":"product_cat-palo-santo","7":"product_tag-palo-santo","9":"first","10":"instock","11":"shipping-taxable","12":"purchasable","13":"product-type-variable"},"_links":{"self":[{"href":"https:\/\/premarjunaterapias.com.br\/index.php\/wp-json\/wp\/v2\/product\/781","targetHints":{"allow":["GET"]}}],"collection":[{"href":"https:\/\/premarjunaterapias.com.br\/index.php\/wp-json\/wp\/v2\/product"}],"about":[{"href":"https:\/\/premarjunaterapias.com.br\/index.php\/wp-json\/wp\/v2\/types\/product"}],"replies":[{"embeddable":true,"href":"https:\/\/premarjunaterapias.com.br\/index.php\/wp-json\/wp\/v2\/comments?post=781"}],"wp:featuredmedia":[{"embeddable":true,"href":"https:\/\/premarjunaterapias.com.br\/index.php\/wp-json\/wp\/v2\/media\/787"}],"wp:attachment":[{"href":"https:\/\/premarjunaterapias.com.br\/index.php\/wp-json\/wp\/v2\/media?parent=781"}],"wp:term":[{"taxonomy":"product_brand","embeddable":true,"href":"https:\/\/premarjunaterapias.com.br\/index.php\/wp-json\/wp\/v2\/product_brand?post=781"},{"taxonomy":"product_cat","embeddable":true,"href":"https:\/\/premarjunaterapias.com.br\/index.php\/wp-json\/wp\/v2\/product_cat?post=781"},{"taxonomy":"product_tag","embeddable":true,"href":"https:\/\/premarjunaterapias.com.br\/index.php\/wp-json\/wp\/v2\/product_tag?post=781"}],"curies":[{"name":"wp","href":"https:\/\/api.w.org\/{rel}","templated":true}]}}