{"id":925,"date":"2023-02-27T16:53:55","date_gmt":"2023-02-27T19:53:55","guid":{"rendered":"https:\/\/premarjunaterapias.com.br\/?post_type=product&#038;p=925"},"modified":"2023-02-27T16:54:21","modified_gmt":"2023-02-27T19:54:21","slug":"japamala-olho-de-tigre","status":"publish","type":"product","link":"https:\/\/premarjunaterapias.com.br\/index.php\/produto\/japamala-olho-de-tigre\/","title":{"rendered":"Japamala olho de tigre"},"content":{"rendered":"<p>Japamala ou ter\u00e7o indiano usado para se fazer <em><strong>medita\u00e7\u00f5es<\/strong><\/em> ou <span style=\"color: #000000;\">\u00a0<a id=\"fprsl\" class=\"gL9Hy\" style=\"color: #000000;\" href=\"https:\/\/www.google.com\/search?rlz=1C1AVFC_enBR778BR778&amp;sxsrf=AOaemvIHYA3_IDKtLjbQUyI9qSxmuep-1w:1631646897703&amp;q=ho%27oponopono&amp;spell=1&amp;sa=X&amp;ved=2ahUKEwiot_Gtlv_yAhW8lZUCHZV8CiUQkeECKAB6BAgBEDY\" data-ved=\"2ahUKEwiot_Gtlv_yAhW8lZUCHZV8CiUQkeECKAB6BAgBEDY\"><b><i>ho&#8217;oponopono.<\/i><\/b><\/a><\/span><\/p>\n<p>O mesmo possui 108 contas em pedra natural olho de tigre<\/p>\n","protected":false},"excerpt":{"rendered":"<p>Japamala ou ter\u00e7o indiano usado para se fazer medita\u00e7\u00f5es ou \u00a0ho&#8217;oponopono. O mesmo possui 108 contas em pedra natural olho de tigre<\/p>\n","protected":false},"featured_media":927,"comment_status":"open","ping_status":"closed","template":"","meta":[],"product_brand":[],"product_cat":[31],"product_tag":[],"class_list":{"0":"post-925","1":"product","2":"type-product","3":"status-publish","4":"has-post-thumbnail","6":"product_cat-japamala","8":"first","9":"instock","10":"shipping-taxable","11":"purchasable","12":"product-type-simple"},"_links":{"self":[{"href":"https:\/\/premarjunaterapias.com.br\/index.php\/wp-json\/wp\/v2\/product\/925","targetHints":{"allow":["GET"]}}],"collection":[{"href":"https:\/\/premarjunaterapias.com.br\/index.php\/wp-json\/wp\/v2\/product"}],"about":[{"href":"https:\/\/premarjunaterapias.com.br\/index.php\/wp-json\/wp\/v2\/types\/product"}],"replies":[{"embeddable":true,"href":"https:\/\/premarjunaterapias.com.br\/index.php\/wp-json\/wp\/v2\/comments?post=925"}],"wp:featuredmedia":[{"embeddable":true,"href":"https:\/\/premarjunaterapias.com.br\/index.php\/wp-json\/wp\/v2\/media\/927"}],"wp:attachment":[{"href":"https:\/\/premarjunaterapias.com.br\/index.php\/wp-json\/wp\/v2\/media?parent=925"}],"wp:term":[{"taxonomy":"product_brand","embeddable":true,"href":"https:\/\/premarjunaterapias.com.br\/index.php\/wp-json\/wp\/v2\/product_brand?post=925"},{"taxonomy":"product_cat","embeddable":true,"href":"https:\/\/premarjunaterapias.com.br\/index.php\/wp-json\/wp\/v2\/product_cat?post=925"},{"taxonomy":"product_tag","embeddable":true,"href":"https:\/\/premarjunaterapias.com.br\/index.php\/wp-json\/wp\/v2\/product_tag?post=925"}],"curies":[{"name":"wp","href":"https:\/\/api.w.org\/{rel}","templated":true}]}}