{"id":944,"date":"2023-03-30T15:23:37","date_gmt":"2023-03-30T18:23:37","guid":{"rendered":"https:\/\/premarjunaterapias.com.br\/?post_type=product&#038;p=944"},"modified":"2024-11-11T00:31:54","modified_gmt":"2024-11-11T03:31:54","slug":"ultra-seven-novo","status":"publish","type":"product","link":"https:\/\/premarjunaterapias.com.br\/index.php\/produto\/ultra-seven-novo\/","title":{"rendered":"Ultra seven novo"},"content":{"rendered":"<p>Novo Vibrador usado no tantra com sete n\u00edveis de vibra\u00e7\u00e3o.<\/p>\n","protected":false},"excerpt":{"rendered":"<p>Novo Vibrador usado no tantra com sete n\u00edveis de vibra\u00e7\u00e3o.<\/p>\n","protected":false},"featured_media":945,"comment_status":"open","ping_status":"closed","template":"","meta":[],"product_brand":[],"product_cat":[35],"product_tag":[74,166,76],"class_list":{"0":"post-944","1":"product","2":"type-product","3":"status-publish","4":"has-post-thumbnail","6":"product_cat-massageadores-e-vibradores","7":"product_tag-https-premarjunaterapias-com-br-index-php-produto-massageador-hitashi-similar","8":"product_tag-https-premarjunaterapias-com-br-index-php-produto-ultra-seven-vibrador","9":"product_tag-https-premarjunaterapias-com-br-index-php-produto-vibrador-pontos-p-e-g","11":"first","12":"instock","13":"shipping-taxable","14":"purchasable","15":"product-type-simple"},"_links":{"self":[{"href":"https:\/\/premarjunaterapias.com.br\/index.php\/wp-json\/wp\/v2\/product\/944","targetHints":{"allow":["GET"]}}],"collection":[{"href":"https:\/\/premarjunaterapias.com.br\/index.php\/wp-json\/wp\/v2\/product"}],"about":[{"href":"https:\/\/premarjunaterapias.com.br\/index.php\/wp-json\/wp\/v2\/types\/product"}],"replies":[{"embeddable":true,"href":"https:\/\/premarjunaterapias.com.br\/index.php\/wp-json\/wp\/v2\/comments?post=944"}],"wp:featuredmedia":[{"embeddable":true,"href":"https:\/\/premarjunaterapias.com.br\/index.php\/wp-json\/wp\/v2\/media\/945"}],"wp:attachment":[{"href":"https:\/\/premarjunaterapias.com.br\/index.php\/wp-json\/wp\/v2\/media?parent=944"}],"wp:term":[{"taxonomy":"product_brand","embeddable":true,"href":"https:\/\/premarjunaterapias.com.br\/index.php\/wp-json\/wp\/v2\/product_brand?post=944"},{"taxonomy":"product_cat","embeddable":true,"href":"https:\/\/premarjunaterapias.com.br\/index.php\/wp-json\/wp\/v2\/product_cat?post=944"},{"taxonomy":"product_tag","embeddable":true,"href":"https:\/\/premarjunaterapias.com.br\/index.php\/wp-json\/wp\/v2\/product_tag?post=944"}],"curies":[{"name":"wp","href":"https:\/\/api.w.org\/{rel}","templated":true}]}}